{"id":22,"date":"2016-12-23T19:50:57","date_gmt":"2016-12-23T19:50:57","guid":{"rendered":"http:\/\/rev01.com\/clients\/olivo\/?page_id=22"},"modified":"2023-03-07T23:54:19","modified_gmt":"2023-03-07T23:54:19","slug":"about","status":"publish","type":"page","link":"https:\/\/shopatolivo.com\/es\/about\/","title":{"rendered":"Acerca de"},"content":{"rendered":"<section class=\"wpb-content-wrapper\">\n<div  data-mk-stretch-content=\"true\" class=\"wpb_row vc_row vc_row-fluid jupiter-donut- mk-fullwidth-false  attched-false     js-master-row  mk-grid\">\n\t\t\t\t\n<div class=\"vc_col-sm-12 wpb_column column_container  jupiter-donut- _ jupiter-donut-height-full\">\n\t<div  class=\"mk-image mk-image-2 jupiter-donut-  mk-image-lazyload align-left simple-frame inside-image\" style=\"margin-bottom:10px\"><div class=\"mk-image-container\" style=\"max-width: 1920px;\"><div  class=\"mk-image-holder\" style=\"max-width: 1920px;\"><div class=\"mk-image-inner\"><img class=\"lightbox-false\" alt=\"olivo-calendar-of-events-2\" title=\"olivo-calendar-of-events-2\" width=\"1920\" height=\"500\" src=\"https:\/\/shopatolivo.com\/wp-content\/uploads\/2023\/03\/olivo-calendar-of-events-2.png\" \/><\/div><\/div><div class=\"clearboth\"><\/div><\/div><\/div><\/div>\n\t<\/div>\n\n<div  data-mk-stretch-content=\"true\" class=\"wpb_row vc_row vc_row-fluid jupiter-donut- mk-fullwidth-false  attched-false    vc_custom_1678233242053  js-master-row  mk-grid\">\n\t\t\t\t\n<div class=\"vc_col-sm-12 wpb_column column_container  jupiter-donut- _ jupiter-donut-height-full\">\n\t\n<div id=\"text-block-4\" class=\"mk-text-block  jupiter-donut-\">\n\n\t\n\t<p>Anteriormente conocido como Mission Hills Plaza, el nuevo nombre del centro, OLIVO, se deriva de los campos de olivos que alguna vez fueron prominentes en la zona. A lo largo del desarrollo de OLIVO, tuvimos la fortuna de trabajar estrechamente con la comunidad local para comprender sus necesidades. Colaboramos con los actores comunitarios desde el punto de vista del dise\u00f1o y la arquitectura hasta la composici\u00f3n de los inquilinos del centro.\u200b<\/p>\n<p>OLIVO en Mission Hills es el destino de compras m\u00e1s nuevo en el Valle de San Fernando. Ubicado en la esquina noreste de Devonshire y Sepulveda Boulevard, OLIVO es f\u00e1cilmente accesible desde las autopistas 118, 405 y 5. Adem\u00e1s de los co-anclas Target, Ross y 24-Hr Fitness, OLIVO en Mission Hills cuenta con Fallas Paredes, Chase, Dental Masters, Vitamin Shoppe, Sprint, T-Mobile, as\u00ed como una emocionante y diversa selecci\u00f3n de opciones gastron\u00f3micas que incluyen The Habit Burger, Wingstop, Chipotle, Ono Hawaiian, Jersey Mike\u2019s Subs, Menchie\u2019s y Dunkin Donuts. Estamos muy emocionados de anunciar inquilinos adicionales que est\u00e1n en proceso y los daremos a conocer pr\u00f3ximamente. Esperamos crear recuerdos contigo en OLIVO.\u200b<\/p>\n\n\t<div class=\"clearboth\"><\/div>\n<\/div>\n\n<\/div>\n\t<\/div>\n\n<div  data-mk-stretch-content=\"true\" class=\"wpb_row vc_row vc_row-fluid jupiter-donut- mk-fullwidth-false  attched-false     js-master-row  mk-grid\">\n\t\t\t\t\n<div class=\"vc_col-sm-4 wpb_column column_container  jupiter-donut- _ jupiter-donut-height-full\">\n\t\n\t<div  class=\"wpb_single_image wpb_content_element vc_align_left\">\n\t\t\n\t\t<figure class=\"wpb_wrapper vc_figure\">\n\t\t\t<div class=\"vc_single_image-wrapper   vc_box_border_grey\"><img width=\"600\" height=\"600\" src=\"https:\/\/shopatolivo.com\/wp-content\/uploads\/2016\/12\/olivo-aerial-front.jpg\" class=\"vc_single_image-img attachment-full\" alt=\"\" decoding=\"async\" title=\"olivo-aerial-front\" srcset=\"https:\/\/shopatolivo.com\/wp-content\/uploads\/2016\/12\/olivo-aerial-front.jpg 600w, https:\/\/shopatolivo.com\/wp-content\/uploads\/2016\/12\/olivo-aerial-front-150x150.jpg 150w, https:\/\/shopatolivo.com\/wp-content\/uploads\/2016\/12\/olivo-aerial-front-300x300.jpg 300w, https:\/\/shopatolivo.com\/wp-content\/uploads\/2016\/12\/olivo-aerial-front-550x550.jpg 550w, https:\/\/shopatolivo.com\/wp-content\/uploads\/2016\/12\/olivo-aerial-front-500x500.jpg 500w, https:\/\/shopatolivo.com\/wp-content\/uploads\/2016\/12\/olivo-aerial-front-225x225.jpg 225w, https:\/\/shopatolivo.com\/wp-content\/uploads\/2016\/12\/olivo-aerial-front-200x200.jpg 200w, https:\/\/shopatolivo.com\/wp-content\/uploads\/2016\/12\/olivo-aerial-front-400x400.jpg 400w, https:\/\/shopatolivo.com\/wp-content\/uploads\/2016\/12\/olivo-aerial-front-260x260.jpg 260w, https:\/\/shopatolivo.com\/wp-content\/uploads\/2016\/12\/olivo-aerial-front-414x414.jpg 414w, https:\/\/shopatolivo.com\/wp-content\/uploads\/2016\/12\/olivo-aerial-front-1024x1024.jpg 1024w\" sizes=\"(max-width: 600px) 100vw, 600px\" itemprop=\"image\" \/><\/div>\n\t\t<\/figure>\n\t<\/div>\n<\/div>\n\n<div class=\"vc_col-sm-4 wpb_column column_container  jupiter-donut- _ jupiter-donut-height-full\">\n\t\n\t<div  class=\"wpb_single_image wpb_content_element vc_align_left\">\n\t\t\n\t\t<figure class=\"wpb_wrapper vc_figure\">\n\t\t\t<div class=\"vc_single_image-wrapper   vc_box_border_grey\"><img width=\"600\" height=\"600\" src=\"https:\/\/shopatolivo.com\/wp-content\/uploads\/2016\/12\/olivo-aerial-top.jpg\" class=\"vc_single_image-img attachment-full\" alt=\"\" decoding=\"async\" title=\"olivo-aerial-top\" srcset=\"https:\/\/shopatolivo.com\/wp-content\/uploads\/2016\/12\/olivo-aerial-top.jpg 600w, https:\/\/shopatolivo.com\/wp-content\/uploads\/2016\/12\/olivo-aerial-top-150x150.jpg 150w, https:\/\/shopatolivo.com\/wp-content\/uploads\/2016\/12\/olivo-aerial-top-300x300.jpg 300w, https:\/\/shopatolivo.com\/wp-content\/uploads\/2016\/12\/olivo-aerial-top-550x550.jpg 550w, https:\/\/shopatolivo.com\/wp-content\/uploads\/2016\/12\/olivo-aerial-top-500x500.jpg 500w, https:\/\/shopatolivo.com\/wp-content\/uploads\/2016\/12\/olivo-aerial-top-225x225.jpg 225w, https:\/\/shopatolivo.com\/wp-content\/uploads\/2016\/12\/olivo-aerial-top-200x200.jpg 200w, https:\/\/shopatolivo.com\/wp-content\/uploads\/2016\/12\/olivo-aerial-top-400x400.jpg 400w, https:\/\/shopatolivo.com\/wp-content\/uploads\/2016\/12\/olivo-aerial-top-260x260.jpg 260w, https:\/\/shopatolivo.com\/wp-content\/uploads\/2016\/12\/olivo-aerial-top-414x414.jpg 414w, https:\/\/shopatolivo.com\/wp-content\/uploads\/2016\/12\/olivo-aerial-top-1024x1024.jpg 1024w\" sizes=\"(max-width: 600px) 100vw, 600px\" itemprop=\"image\" \/><\/div>\n\t\t<\/figure>\n\t<\/div>\n<\/div>\n\n<div class=\"vc_col-sm-4 wpb_column column_container  jupiter-donut- _ jupiter-donut-height-full\">\n\t\n\t<div  class=\"wpb_single_image wpb_content_element vc_align_left\">\n\t\t\n\t\t<figure class=\"wpb_wrapper vc_figure\">\n\t\t\t<div class=\"vc_single_image-wrapper   vc_box_border_grey\"><img width=\"600\" height=\"600\" src=\"https:\/\/shopatolivo.com\/wp-content\/uploads\/2016\/12\/olivo-aerial-angle.jpg\" class=\"vc_single_image-img attachment-full\" alt=\"\" decoding=\"async\" title=\"olivo-aerial-angle\" srcset=\"https:\/\/shopatolivo.com\/wp-content\/uploads\/2016\/12\/olivo-aerial-angle.jpg 600w, https:\/\/shopatolivo.com\/wp-content\/uploads\/2016\/12\/olivo-aerial-angle-150x150.jpg 150w, https:\/\/shopatolivo.com\/wp-content\/uploads\/2016\/12\/olivo-aerial-angle-300x300.jpg 300w, https:\/\/shopatolivo.com\/wp-content\/uploads\/2016\/12\/olivo-aerial-angle-550x550.jpg 550w, https:\/\/shopatolivo.com\/wp-content\/uploads\/2016\/12\/olivo-aerial-angle-500x500.jpg 500w, https:\/\/shopatolivo.com\/wp-content\/uploads\/2016\/12\/olivo-aerial-angle-225x225.jpg 225w, https:\/\/shopatolivo.com\/wp-content\/uploads\/2016\/12\/olivo-aerial-angle-200x200.jpg 200w, https:\/\/shopatolivo.com\/wp-content\/uploads\/2016\/12\/olivo-aerial-angle-400x400.jpg 400w, https:\/\/shopatolivo.com\/wp-content\/uploads\/2016\/12\/olivo-aerial-angle-260x260.jpg 260w, https:\/\/shopatolivo.com\/wp-content\/uploads\/2016\/12\/olivo-aerial-angle-414x414.jpg 414w, https:\/\/shopatolivo.com\/wp-content\/uploads\/2016\/12\/olivo-aerial-angle-1024x1024.jpg 1024w\" sizes=\"(max-width: 600px) 100vw, 600px\" itemprop=\"image\" \/><\/div>\n\t\t<\/figure>\n\t<\/div>\n<\/div>\n\t<\/div>\n\n<\/section>","protected":false},"excerpt":{"rendered":"Formerly known as Mission Hills Plaza, the center\u2019s new name, OLIVO, is derived from the fields of olive trees that were once locally prominent. Throughout the development of OLIVO, we were fortunate to work closely with the local community to help us understand what they were lacking. We collaborated with the community stakeholders from the [...]","protected":false},"author":1,"featured_media":0,"parent":0,"menu_order":0,"comment_status":"closed","ping_status":"closed","template":"","meta":[],"_links":{"self":[{"href":"https:\/\/shopatolivo.com\/es\/wp-json\/wp\/v2\/pages\/22"}],"collection":[{"href":"https:\/\/shopatolivo.com\/es\/wp-json\/wp\/v2\/pages"}],"about":[{"href":"https:\/\/shopatolivo.com\/es\/wp-json\/wp\/v2\/types\/page"}],"author":[{"embeddable":true,"href":"https:\/\/shopatolivo.com\/es\/wp-json\/wp\/v2\/users\/1"}],"replies":[{"embeddable":true,"href":"https:\/\/shopatolivo.com\/es\/wp-json\/wp\/v2\/comments?post=22"}],"version-history":[{"count":0,"href":"https:\/\/shopatolivo.com\/es\/wp-json\/wp\/v2\/pages\/22\/revisions"}],"wp:attachment":[{"href":"https:\/\/shopatolivo.com\/es\/wp-json\/wp\/v2\/media?parent=22"}],"curies":[{"name":"wp","href":"https:\/\/api.w.org\/{rel}","templated":true}]}}